{"id":97,"date":"2017-08-09T10:09:38","date_gmt":"2017-08-09T10:09:38","guid":{"rendered":"https:\/\/laihianfysioterapiapalvelu.fi\/home\/"},"modified":"2026-02-10T20:12:35","modified_gmt":"2026-02-10T20:12:35","slug":"home","status":"publish","type":"page","link":"https:\/\/laihianfysioterapiapalvelu.fi\/","title":{"rendered":"Home"},"content":{"rendered":"\t\t<div data-elementor-type=\"wp-page\" data-elementor-id=\"97\" class=\"elementor elementor-97\">\n\t\t\t\t\t\t<section class=\"elementor-section elementor-top-section elementor-element elementor-element-8312d72 elementor-reverse-mobile elementor-section-boxed elementor-section-height-default elementor-section-height-default\" data-id=\"8312d72\" data-element_type=\"section\" data-e-type=\"section\" data-settings=\"{&quot;background_background&quot;:&quot;classic&quot;,&quot;shape_divider_bottom&quot;:&quot;triangle&quot;,&quot;shape_divider_bottom_negative&quot;:&quot;yes&quot;}\">\n\t\t\t\t\t\t\t<div class=\"elementor-background-overlay\"><\/div>\n\t\t\t\t\t\t<div class=\"elementor-shape elementor-shape-bottom\" aria-hidden=\"true\" data-negative=\"true\">\n\t\t\t<svg xmlns=\"http:\/\/www.w3.org\/2000\/svg\" viewBox=\"0 0 1000 100\" preserveAspectRatio=\"none\">\n\t<path class=\"elementor-shape-fill\" d=\"M500.2,94.7L0,0v100h1000V0L500.2,94.7z\"\/>\n<\/svg>\t\t<\/div>\n\t\t\t\t\t<div class=\"elementor-container elementor-column-gap-default\">\n\t\t\t\t\t<div class=\"elementor-column elementor-col-100 elementor-top-column elementor-element elementor-element-1797678\" data-id=\"1797678\" data-element_type=\"column\" data-e-type=\"column\">\n\t\t\t<div class=\"elementor-widget-wrap elementor-element-populated\">\n\t\t\t\t\t\t<div class=\"elementor-element elementor-element-7d89746 elementor-widget elementor-widget-heading\" data-id=\"7d89746\" data-element_type=\"widget\" data-e-type=\"widget\" data-widget_type=\"heading.default\">\n\t\t\t\t<div class=\"elementor-widget-container\">\n\t\t\t\t\t<h4 class=\"elementor-heading-title elementor-size-xl\"><b>Tervetuloa<\/b><\/h4>\t\t\t\t<\/div>\n\t\t\t\t<\/div>\n\t\t\t\t<div class=\"elementor-element elementor-element-5213494 elementor-widget elementor-widget-heading\" data-id=\"5213494\" data-element_type=\"widget\" data-e-type=\"widget\" data-widget_type=\"heading.default\">\n\t\t\t\t<div class=\"elementor-widget-container\">\n\t\t\t\t\t<h4 class=\"elementor-heading-title elementor-size-default\">Laihian fysioterapiapalveluun<\/h4>\t\t\t\t<\/div>\n\t\t\t\t<\/div>\n\t\t\t\t\t<\/div>\n\t\t<\/div>\n\t\t\t\t\t<\/div>\n\t\t<\/section>\n\t\t\t\t<section class=\"elementor-section elementor-top-section elementor-element elementor-element-b9c08e3 elementor-section-boxed elementor-section-height-default elementor-section-height-default\" data-id=\"b9c08e3\" data-element_type=\"section\" data-e-type=\"section\" data-settings=\"{&quot;background_background&quot;:&quot;gradient&quot;}\">\n\t\t\t\t\t\t\t<div class=\"elementor-background-overlay\"><\/div>\n\t\t\t\t\t\t\t<div class=\"elementor-container elementor-column-gap-default\">\n\t\t\t\t\t<div class=\"elementor-column elementor-col-50 elementor-top-column elementor-element elementor-element-a73225c\" data-id=\"a73225c\" data-element_type=\"column\" data-e-type=\"column\" data-settings=\"{&quot;background_background&quot;:&quot;classic&quot;}\">\n\t\t\t<div class=\"elementor-widget-wrap elementor-element-populated\">\n\t\t\t\t\t\t<div class=\"elementor-element elementor-element-4343aec elementor-pagination-position-inside elementor-arrows-position-inside elementor-widget elementor-widget-image-carousel\" data-id=\"4343aec\" data-element_type=\"widget\" data-e-type=\"widget\" data-settings=\"{&quot;slides_to_show&quot;:&quot;1&quot;,&quot;navigation&quot;:&quot;both&quot;,&quot;autoplay&quot;:&quot;yes&quot;,&quot;pause_on_hover&quot;:&quot;yes&quot;,&quot;pause_on_interaction&quot;:&quot;yes&quot;,&quot;autoplay_speed&quot;:5000,&quot;infinite&quot;:&quot;yes&quot;,&quot;effect&quot;:&quot;slide&quot;,&quot;speed&quot;:500}\" data-widget_type=\"image-carousel.default\">\n\t\t\t\t<div class=\"elementor-widget-container\">\n\t\t\t\t\t\t\t<div class=\"elementor-image-carousel-wrapper swiper\" role=\"region\" aria-roledescription=\"carousel\" aria-label=\"Kuvakaruselli\" dir=\"ltr\">\n\t\t\t<div class=\"elementor-image-carousel swiper-wrapper swiper-image-stretch\" aria-live=\"off\">\n\t\t\t\t\t\t\t\t<div class=\"swiper-slide\" role=\"group\" aria-roledescription=\"slide\" aria-label=\"1 of 6\"><figure class=\"swiper-slide-inner\"><img decoding=\"async\" class=\"swiper-slide-image\" src=\"https:\/\/laihianfysioterapiapalvelu.fi\/wp-content\/uploads\/2022\/09\/fysioterapia-nelio-1024x1024.jpg\" alt=\"Kinesioteippaus\" \/><\/figure><\/div><div class=\"swiper-slide\" role=\"group\" aria-roledescription=\"slide\" aria-label=\"2 of 6\"><figure class=\"swiper-slide-inner\"><img decoding=\"async\" class=\"swiper-slide-image\" src=\"https:\/\/laihianfysioterapiapalvelu.fi\/wp-content\/uploads\/2022\/09\/1-79-1024x1024.jpg\" alt=\"Hieronta\" \/><\/figure><\/div><div class=\"swiper-slide\" role=\"group\" aria-roledescription=\"slide\" aria-label=\"3 of 6\"><figure class=\"swiper-slide-inner\"><img decoding=\"async\" class=\"swiper-slide-image\" src=\"https:\/\/laihianfysioterapiapalvelu.fi\/wp-content\/uploads\/2022\/09\/1-78-1024x1024.jpg\" alt=\"Tutkiminen\" \/><\/figure><\/div><div class=\"swiper-slide\" role=\"group\" aria-roledescription=\"slide\" aria-label=\"4 of 6\"><figure class=\"swiper-slide-inner\"><img decoding=\"async\" class=\"swiper-slide-image\" src=\"https:\/\/laihianfysioterapiapalvelu.fi\/wp-content\/uploads\/2022\/09\/IMG_2893-2-1024x1024.jpg\" alt=\"Ohjaus\" \/><\/figure><\/div><div class=\"swiper-slide\" role=\"group\" aria-roledescription=\"slide\" aria-label=\"5 of 6\"><figure class=\"swiper-slide-inner\"><img decoding=\"async\" class=\"swiper-slide-image\" src=\"https:\/\/laihianfysioterapiapalvelu.fi\/wp-content\/uploads\/2022\/09\/IMG_2981-2-1024x1024.jpg\" alt=\"Harjoittelu\" \/><\/figure><\/div><div class=\"swiper-slide\" role=\"group\" aria-roledescription=\"slide\" aria-label=\"6 of 6\"><figure class=\"swiper-slide-inner\"><img decoding=\"async\" class=\"swiper-slide-image\" src=\"https:\/\/laihianfysioterapiapalvelu.fi\/wp-content\/uploads\/2022\/09\/IMG_7670-scaled-e1665935157793-1021x1024.jpg\" alt=\"Purentaelimist\u00f6n hieronta\" \/><\/figure><\/div>\t\t\t<\/div>\n\t\t\t\t\t\t\t\t\t\t\t\t<div class=\"elementor-swiper-button elementor-swiper-button-prev\" role=\"button\" tabindex=\"0\">\n\t\t\t\t\t\t<i aria-hidden=\"true\" class=\"eicon-chevron-left\"><\/i>\t\t\t\t\t<\/div>\n\t\t\t\t\t<div class=\"elementor-swiper-button elementor-swiper-button-next\" role=\"button\" tabindex=\"0\">\n\t\t\t\t\t\t<i aria-hidden=\"true\" class=\"eicon-chevron-right\"><\/i>\t\t\t\t\t<\/div>\n\t\t\t\t\n\t\t\t\t\t\t\t\t\t<div class=\"swiper-pagination\"><\/div>\n\t\t\t\t\t\t\t\t\t<\/div>\n\t\t\t\t\t\t<\/div>\n\t\t\t\t<\/div>\n\t\t\t\t\t<\/div>\n\t\t<\/div>\n\t\t\t\t<div class=\"elementor-column elementor-col-50 elementor-top-column elementor-element elementor-element-06b3cf4\" data-id=\"06b3cf4\" data-element_type=\"column\" data-e-type=\"column\">\n\t\t\t<div class=\"elementor-widget-wrap elementor-element-populated\">\n\t\t\t\t\t\t<div class=\"elementor-element elementor-element-996d2a6 elementor-widget elementor-widget-text-editor\" data-id=\"996d2a6\" data-element_type=\"widget\" data-e-type=\"widget\" data-widget_type=\"text-editor.default\">\n\t\t\t\t<div class=\"elementor-widget-container\">\n\t\t\t\t\t\t\t\t\t<h5><strong>Tarjoamme tutkimiseen perustuvaa fysioterapiaa, jossa kartoitetaan asiakkaan kokonaistilanne ja etsit\u00e4\u00e4n sopivat ratkaisut ongelmaan. Kokenut ja koulutustaan\u00a0 yll\u00e4pit\u00e4v\u00e4 henkil\u00f6kunta takaa asiantuntevan hoidon.<\/strong><\/h5><div>Fysioterapeutille voi hakeutua l\u00e4\u00e4k\u00e4rin kautta tai suoraan. Miia on suorittanut fysioterapeutin suoravastaanottokoulutuksen (15 op).<\/div><div><strong>\u00a0<\/strong><\/div><p class=\"MsoNormal\">Meill\u00e4 voit maksaa my\u00f6s Epassilla, Smartumilla ja Tyky-seteleill\u00e4.<\/p>\t\t\t\t\t\t\t\t<\/div>\n\t\t\t\t<\/div>\n\t\t\t\t<div class=\"elementor-element elementor-element-7df76be elementor-align-center elementor-widget elementor-widget-button\" data-id=\"7df76be\" data-element_type=\"widget\" data-e-type=\"widget\" data-widget_type=\"button.default\">\n\t\t\t\t<div class=\"elementor-widget-container\">\n\t\t\t\t\t\t\t\t\t<div class=\"elementor-button-wrapper\">\n\t\t\t\t\t<a class=\"elementor-button elementor-button-link elementor-size-md\" href=\"https:\/\/laihianfysioterapiapalvelu.fi\/?page_id=145\">\n\t\t\t\t\t\t<span class=\"elementor-button-content-wrapper\">\n\t\t\t\t\t\t\t\t\t<span class=\"elementor-button-text\">SIIRRY PALVELUIHIN T\u00c4ST\u00c4<\/span>\n\t\t\t\t\t<\/span>\n\t\t\t\t\t<\/a>\n\t\t\t\t<\/div>\n\t\t\t\t\t\t\t\t<\/div>\n\t\t\t\t<\/div>\n\t\t\t\t<div class=\"elementor-element elementor-element-e718cd6 elementor-widget elementor-widget-text-editor\" data-id=\"e718cd6\" data-element_type=\"widget\" data-e-type=\"widget\" data-widget_type=\"text-editor.default\">\n\t\t\t\t<div class=\"elementor-widget-container\">\n\t\t\t\t\t\t\t\t\t<h5>Ajankohtaista<\/h5><div><b>Pilates-ryhm\u00e4<\/b><\/div><div>torstaisin 10x alkaen 5.3.2026 klo 16.30-17.30.\u00a0 Ohjaajana fysioterapeutti Kaija Rintala-Paasonen. Hinta 155\u20ac. Tervetuloa!!!<\/div><div>Ilmoittautuminen Kaijalle (050-349 0662) tai Miialle (050-330 6383)<\/div><div>\u00a0<\/div><div><strong>Muista l\u00e4heist\u00e4si, yst\u00e4v\u00e4\u00e4 tai ty\u00f6ntekij\u00e4\u00e4 lahjakortilla!<\/strong><br \/>Kysy lis\u00e4\u00e4 <a href=\"mailto: miia@laihianfysioterapiapalvelu.fi\">Miialta.<\/a><\/div><div>\u00a0<\/div><div><strong>Kela-korvaus<\/strong><\/div><div>Kela-korvaus palasi fysioterapiaan. Mahdollisuus saada 4x vuodessa fysioterapiasta kela-korvausta a`15\u20ac. Haemme kela-korvauksen puolestasi.<\/div><h6>\u00a0<\/h6><div><p><b>Fysioterapian kotik\u00e4ynneist\u00e4 kotitalousv\u00e4hennys!<br \/><\/b>Vuoden 2024 alusta alkaen saa fysioterapian kotik\u00e4yntien ty\u00f6n osuudesta kotitalousv\u00e4hennyst\u00e4. Kysy lis\u00e4\u00e4 Miialta<\/p><\/div>\t\t\t\t\t\t\t\t<\/div>\n\t\t\t\t<\/div>\n\t\t\t\t<div class=\"elementor-element elementor-element-7b2dc3a elementor-align-center elementor-widget__width-initial elementor-widget elementor-widget-button\" data-id=\"7b2dc3a\" data-element_type=\"widget\" data-e-type=\"widget\" data-widget_type=\"button.default\">\n\t\t\t\t<div class=\"elementor-widget-container\">\n\t\t\t\t\t\t\t\t\t<div class=\"elementor-button-wrapper\">\n\t\t\t\t\t<a class=\"elementor-button elementor-button-link elementor-size-sm\" href=\"https:\/\/laihianfysioterapiapalvelu.fi\/?page_id=1826\">\n\t\t\t\t\t\t<span class=\"elementor-button-content-wrapper\">\n\t\t\t\t\t\t\t\t\t<span class=\"elementor-button-text\">LIS\u00c4\u00c4 RYHMIST\u00c4<\/span>\n\t\t\t\t\t<\/span>\n\t\t\t\t\t<\/a>\n\t\t\t\t<\/div>\n\t\t\t\t\t\t\t\t<\/div>\n\t\t\t\t<\/div>\n\t\t\t\t\t<\/div>\n\t\t<\/div>\n\t\t\t\t\t<\/div>\n\t\t<\/section>\n\t\t\t\t<\/div>\n\t\t","protected":false},"excerpt":{"rendered":"<p>Tervetuloa Laihian fysioterapiapalveluun Tarjoamme tutkimiseen perustuvaa fysioterapiaa, jossa kartoitetaan asiakkaan kokonaistilanne ja etsit\u00e4\u00e4n sopivat ratkaisut ongelmaan. Kokenut ja koulutustaan\u00a0 yll\u00e4pit\u00e4v\u00e4 henkil\u00f6kunta takaa asiantuntevan hoidon. Fysioterapeutille voi hakeutua l\u00e4\u00e4k\u00e4rin kautta tai suoraan. Miia on suorittanut fysioterapeutin suoravastaanottokoulutuksen (15 op).\u00a0 Meill\u00e4 voit maksaa my\u00f6s Epassilla, Smartumilla ja Tyky-seteleill\u00e4. SIIRRY PALVELUIHIN T\u00c4ST\u00c4 Ajankohtaista Pilates-ryhm\u00e4torstaisin 10x alkaen 5.3.2026 klo [&hellip;]<\/p>\n","protected":false},"author":1,"featured_media":0,"parent":0,"menu_order":0,"comment_status":"closed","ping_status":"open","template":"","meta":{"_uag_custom_page_level_css":"","site-sidebar-layout":"no-sidebar","site-content-layout":"page-builder","ast-site-content-layout":"full-width-container","site-content-style":"unboxed","site-sidebar-style":"unboxed","ast-global-header-display":"","ast-banner-title-visibility":"","ast-main-header-display":"","ast-hfb-above-header-display":"","ast-hfb-below-header-display":"","ast-hfb-mobile-header-display":"","site-post-title":"disabled","ast-breadcrumbs-content":"","ast-featured-img":"disabled","footer-sml-layout":"","ast-disable-related-posts":"","theme-transparent-header-meta":"disabled","adv-header-id-meta":"","stick-header-meta":"","header-above-stick-meta":"","header-main-stick-meta":"","header-below-stick-meta":"","astra-migrate-meta-layouts":"set","ast-page-background-enabled":"default","ast-page-background-meta":{"desktop":{"background-color":"","background-image":"","background-repeat":"repeat","background-position":"center center","background-size":"auto","background-attachment":"scroll","background-type":"","background-media":"","overlay-type":"","overlay-color":"","overlay-opacity":"","overlay-gradient":""},"tablet":{"background-color":"","background-image":"","background-repeat":"repeat","background-position":"center center","background-size":"auto","background-attachment":"scroll","background-type":"","background-media":"","overlay-type":"","overlay-color":"","overlay-opacity":"","overlay-gradient":""},"mobile":{"background-color":"","background-image":"","background-repeat":"repeat","background-position":"center center","background-size":"auto","background-attachment":"scroll","background-type":"","background-media":"","overlay-type":"","overlay-color":"","overlay-opacity":"","overlay-gradient":""}},"ast-content-background-meta":{"desktop":{"background-color":"var(--ast-global-color-5)","background-image":"","background-repeat":"repeat","background-position":"center center","background-size":"auto","background-attachment":"scroll","background-type":"","background-media":"","overlay-type":"","overlay-color":"","overlay-opacity":"","overlay-gradient":""},"tablet":{"background-color":"var(--ast-global-color-5)","background-image":"","background-repeat":"repeat","background-position":"center center","background-size":"auto","background-attachment":"scroll","background-type":"","background-media":"","overlay-type":"","overlay-color":"","overlay-opacity":"","overlay-gradient":""},"mobile":{"background-color":"var(--ast-global-color-5)","background-image":"","background-repeat":"repeat","background-position":"center center","background-size":"auto","background-attachment":"scroll","background-type":"","background-media":"","overlay-type":"","overlay-color":"","overlay-opacity":"","overlay-gradient":""}},"footnotes":""},"class_list":["post-97","page","type-page","status-publish","hentry"],"uagb_featured_image_src":{"full":false,"thumbnail":false,"medium":false,"medium_large":false,"large":false,"1536x1536":false,"2048x2048":false},"uagb_author_info":{"display_name":"admin","author_link":"https:\/\/laihianfysioterapiapalvelu.fi\/?author=1"},"uagb_comment_info":0,"uagb_excerpt":"Tervetuloa Laihian fysioterapiapalveluun Tarjoamme tutkimiseen perustuvaa fysioterapiaa, jossa kartoitetaan asiakkaan kokonaistilanne ja etsit\u00e4\u00e4n sopivat ratkaisut ongelmaan. Kokenut ja koulutustaan\u00a0 yll\u00e4pit\u00e4v\u00e4 henkil\u00f6kunta takaa asiantuntevan hoidon. Fysioterapeutille voi hakeutua l\u00e4\u00e4k\u00e4rin kautta tai suoraan. Miia on suorittanut fysioterapeutin suoravastaanottokoulutuksen (15 op).\u00a0 Meill\u00e4 voit maksaa my\u00f6s Epassilla, Smartumilla ja Tyky-seteleill\u00e4. SIIRRY PALVELUIHIN T\u00c4ST\u00c4 Ajankohtaista Pilates-ryhm\u00e4torstaisin 10x alkaen 5.3.2026 klo&hellip;","_links":{"self":[{"href":"https:\/\/laihianfysioterapiapalvelu.fi\/index.php?rest_route=\/wp\/v2\/pages\/97","targetHints":{"allow":["GET"]}}],"collection":[{"href":"https:\/\/laihianfysioterapiapalvelu.fi\/index.php?rest_route=\/wp\/v2\/pages"}],"about":[{"href":"https:\/\/laihianfysioterapiapalvelu.fi\/index.php?rest_route=\/wp\/v2\/types\/page"}],"author":[{"embeddable":true,"href":"https:\/\/laihianfysioterapiapalvelu.fi\/index.php?rest_route=\/wp\/v2\/users\/1"}],"replies":[{"embeddable":true,"href":"https:\/\/laihianfysioterapiapalvelu.fi\/index.php?rest_route=%2Fwp%2Fv2%2Fcomments&post=97"}],"version-history":[{"count":320,"href":"https:\/\/laihianfysioterapiapalvelu.fi\/index.php?rest_route=\/wp\/v2\/pages\/97\/revisions"}],"predecessor-version":[{"id":2617,"href":"https:\/\/laihianfysioterapiapalvelu.fi\/index.php?rest_route=\/wp\/v2\/pages\/97\/revisions\/2617"}],"wp:attachment":[{"href":"https:\/\/laihianfysioterapiapalvelu.fi\/index.php?rest_route=%2Fwp%2Fv2%2Fmedia&parent=97"}],"curies":[{"name":"wp","href":"https:\/\/api.w.org\/{rel}","templated":true}]}}