{"id":1826,"date":"2022-09-22T17:23:00","date_gmt":"2022-09-22T17:23:00","guid":{"rendered":"https:\/\/laihianfysioterapiapalvelu.fi\/?page_id=1826"},"modified":"2025-09-08T14:07:15","modified_gmt":"2025-09-08T14:07:15","slug":"elementor-1826","status":"publish","type":"page","link":"https:\/\/laihianfysioterapiapalvelu.fi\/?page_id=1826","title":{"rendered":"Ryhm\u00e4t"},"content":{"rendered":"\t\t<div data-elementor-type=\"wp-page\" data-elementor-id=\"1826\" class=\"elementor elementor-1826\">\n\t\t\t\t\t\t<section class=\"elementor-section elementor-top-section elementor-element elementor-element-93846b8 elementor-section-boxed elementor-section-height-default elementor-section-height-default\" data-id=\"93846b8\" data-element_type=\"section\" data-e-type=\"section\" data-settings=\"{&quot;background_background&quot;:&quot;classic&quot;}\">\n\t\t\t\t\t\t<div class=\"elementor-container elementor-column-gap-default\">\n\t\t\t\t\t<div class=\"elementor-column elementor-col-100 elementor-top-column elementor-element elementor-element-e99f433\" data-id=\"e99f433\" data-element_type=\"column\" data-e-type=\"column\">\n\t\t\t<div class=\"elementor-widget-wrap elementor-element-populated\">\n\t\t\t\t\t\t<div class=\"elementor-element elementor-element-a3ad77b elementor-widget elementor-widget-text-editor\" data-id=\"a3ad77b\" data-element_type=\"widget\" data-e-type=\"widget\" data-widget_type=\"text-editor.default\">\n\t\t\t\t<div class=\"elementor-widget-container\">\n\t\t\t\t\t\t\t\t\t<p><strong>PILATESRYHM\u00c4<\/strong><\/p><p><span style=\"font-style: inherit; font-weight: inherit;\">Ryhm\u00e4 kokoontuu 10 kertaa alk. 18.9. Ryhm\u00e4 I: klo 16.30-17.30,\u00a0 ryhm\u00e4 II: klo 17.45-18.45<\/span><\/p><p>Ryhm\u00e4n hinta 155 \u20ac<br \/><span style=\"font-style: inherit; font-weight: inherit; color: var( --e-global-color-astglobalcolor2 ); background-color: var( --e-global-color-76172552 );\"><br \/>Ilmoittaudu physiopilatesohjaaja, fysioterapeutti Kaija Rintala-Paasoselle 050-349 0662 tai <\/span><a style=\"font-style: inherit; font-weight: inherit;\" href=\"miia@laihianfysioterapiapalvelu.fi\">Miialle<\/a><\/p><p>Pilates-harjoittelulla on mahdollista saavuttaa monipuolisesti terveydelle ja hyvinvoinnille t\u00e4rkeit\u00e4 hy\u00f6tyj\u00e4. Harjoittelun my\u00f6t\u00e4 lihaksisto vahvistuu ja joustavuus paranee.\u00a0Pilates auttaa paremman keskittymiskyvyn ja rauhallisen mielen saavuttamiseen.<\/p><p>Koordinaatio ja tasapaino kehittyv\u00e4t Pilates-harjoittelun my\u00f6t\u00e4.<\/p><p>Pilateksella on my\u00f6s positiivinen vaikutus stressin aiheuttamiin oireisiin.<\/p><p>T\u00e4rke\u00e4 hy\u00f6ty on terve ja vahva tukiranka, jolloin my\u00f6s ryhti paranee. My\u00f6s loukkaantumisista kuntoutuminen on Pilateksen avulla nopeampaa.<\/p><p><strong>Pilates sopii kaiken ik\u00e4isille ja kuntoisille<\/strong><\/p><p><strong>\u00a0<\/strong><\/p><p><b>FYSIOTERAPIARYHM\u00c4T<\/b><\/p><p><b>Tiistaisin klo 15.00 &#8211; 16.00. Ryhm\u00e4 avoin kaikille.<\/b><\/p><p><b>Kysy lis\u00e4stietoja Miialta 050 330 638<\/b><\/p>\t\t\t\t\t\t\t\t<\/div>\n\t\t\t\t<\/div>\n\t\t\t\t\t<\/div>\n\t\t<\/div>\n\t\t\t\t\t<\/div>\n\t\t<\/section>\n\t\t\t\t<\/div>\n\t\t","protected":false},"excerpt":{"rendered":"<p>PILATESRYHM\u00c4 Ryhm\u00e4 kokoontuu 10 kertaa alk. 18.9. Ryhm\u00e4 I: klo 16.30-17.30,\u00a0 ryhm\u00e4 II: klo 17.45-18.45 Ryhm\u00e4n hinta 155 \u20ac Ilmoittaudu physiopilatesohjaaja, fysioterapeutti Kaija Rintala-Paasoselle 050-349 0662 tai Miialle Pilates-harjoittelulla on mahdollista saavuttaa monipuolisesti terveydelle ja hyvinvoinnille t\u00e4rkeit\u00e4 hy\u00f6tyj\u00e4. Harjoittelun my\u00f6t\u00e4 lihaksisto vahvistuu ja joustavuus paranee.\u00a0Pilates auttaa paremman keskittymiskyvyn ja rauhallisen mielen saavuttamiseen. Koordinaatio ja tasapaino [&hellip;]<\/p>\n","protected":false},"author":1,"featured_media":0,"parent":0,"menu_order":0,"comment_status":"closed","ping_status":"closed","template":"","meta":{"_uag_custom_page_level_css":"","site-sidebar-layout":"no-sidebar","site-content-layout":"page-builder","ast-site-content-layout":"default","site-content-style":"default","site-sidebar-style":"default","ast-global-header-display":"","ast-banner-title-visibility":"","ast-main-header-display":"","ast-hfb-above-header-display":"","ast-hfb-below-header-display":"","ast-hfb-mobile-header-display":"","site-post-title":"disabled","ast-breadcrumbs-content":"","ast-featured-img":"disabled","footer-sml-layout":"","ast-disable-related-posts":"","theme-transparent-header-meta":"","adv-header-id-meta":"","stick-header-meta":"","header-above-stick-meta":"","header-main-stick-meta":"","header-below-stick-meta":"","astra-migrate-meta-layouts":"default","ast-page-background-enabled":"default","ast-page-background-meta":{"desktop":{"background-color":"","background-image":"","background-repeat":"repeat","background-position":"center center","background-size":"auto","background-attachment":"scroll","background-type":"","background-media":"","overlay-type":"","overlay-color":"","overlay-opacity":"","overlay-gradient":""},"tablet":{"background-color":"","background-image":"","background-repeat":"repeat","background-position":"center center","background-size":"auto","background-attachment":"scroll","background-type":"","background-media":"","overlay-type":"","overlay-color":"","overlay-opacity":"","overlay-gradient":""},"mobile":{"background-color":"","background-image":"","background-repeat":"repeat","background-position":"center center","background-size":"auto","background-attachment":"scroll","background-type":"","background-media":"","overlay-type":"","overlay-color":"","overlay-opacity":"","overlay-gradient":""}},"ast-content-background-meta":{"desktop":{"background-color":"var(--ast-global-color-5)","background-image":"","background-repeat":"repeat","background-position":"center center","background-size":"auto","background-attachment":"scroll","background-type":"","background-media":"","overlay-type":"","overlay-color":"","overlay-opacity":"","overlay-gradient":""},"tablet":{"background-color":"var(--ast-global-color-5)","background-image":"","background-repeat":"repeat","background-position":"center center","background-size":"auto","background-attachment":"scroll","background-type":"","background-media":"","overlay-type":"","overlay-color":"","overlay-opacity":"","overlay-gradient":""},"mobile":{"background-color":"var(--ast-global-color-5)","background-image":"","background-repeat":"repeat","background-position":"center center","background-size":"auto","background-attachment":"scroll","background-type":"","background-media":"","overlay-type":"","overlay-color":"","overlay-opacity":"","overlay-gradient":""}},"footnotes":""},"class_list":["post-1826","page","type-page","status-publish","hentry"],"uagb_featured_image_src":{"full":false,"thumbnail":false,"medium":false,"medium_large":false,"large":false,"1536x1536":false,"2048x2048":false},"uagb_author_info":{"display_name":"admin","author_link":"https:\/\/laihianfysioterapiapalvelu.fi\/?author=1"},"uagb_comment_info":0,"uagb_excerpt":"PILATESRYHM\u00c4 Ryhm\u00e4 kokoontuu 10 kertaa alk. 18.9. Ryhm\u00e4 I: klo 16.30-17.30,\u00a0 ryhm\u00e4 II: klo 17.45-18.45 Ryhm\u00e4n hinta 155 \u20ac Ilmoittaudu physiopilatesohjaaja, fysioterapeutti Kaija Rintala-Paasoselle 050-349 0662 tai Miialle Pilates-harjoittelulla on mahdollista saavuttaa monipuolisesti terveydelle ja hyvinvoinnille t\u00e4rkeit\u00e4 hy\u00f6tyj\u00e4. Harjoittelun my\u00f6t\u00e4 lihaksisto vahvistuu ja joustavuus paranee.\u00a0Pilates auttaa paremman keskittymiskyvyn ja rauhallisen mielen saavuttamiseen. Koordinaatio ja tasapaino&hellip;","_links":{"self":[{"href":"https:\/\/laihianfysioterapiapalvelu.fi\/index.php?rest_route=\/wp\/v2\/pages\/1826","targetHints":{"allow":["GET"]}}],"collection":[{"href":"https:\/\/laihianfysioterapiapalvelu.fi\/index.php?rest_route=\/wp\/v2\/pages"}],"about":[{"href":"https:\/\/laihianfysioterapiapalvelu.fi\/index.php?rest_route=\/wp\/v2\/types\/page"}],"author":[{"embeddable":true,"href":"https:\/\/laihianfysioterapiapalvelu.fi\/index.php?rest_route=\/wp\/v2\/users\/1"}],"replies":[{"embeddable":true,"href":"https:\/\/laihianfysioterapiapalvelu.fi\/index.php?rest_route=%2Fwp%2Fv2%2Fcomments&post=1826"}],"version-history":[{"count":58,"href":"https:\/\/laihianfysioterapiapalvelu.fi\/index.php?rest_route=\/wp\/v2\/pages\/1826\/revisions"}],"predecessor-version":[{"id":2610,"href":"https:\/\/laihianfysioterapiapalvelu.fi\/index.php?rest_route=\/wp\/v2\/pages\/1826\/revisions\/2610"}],"wp:attachment":[{"href":"https:\/\/laihianfysioterapiapalvelu.fi\/index.php?rest_route=%2Fwp%2Fv2%2Fmedia&parent=1826"}],"curies":[{"name":"wp","href":"https:\/\/api.w.org\/{rel}","templated":true}]}}