{"id":141,"date":"2019-08-20T06:03:37","date_gmt":"2019-08-20T06:03:37","guid":{"rendered":"https:\/\/laihianfysioterapiapalvelu.fi\/about\/"},"modified":"2023-05-01T13:24:32","modified_gmt":"2023-05-01T13:24:32","slug":"about","status":"publish","type":"page","link":"https:\/\/laihianfysioterapiapalvelu.fi\/?page_id=141","title":{"rendered":"About"},"content":{"rendered":"\t\t<div data-elementor-type=\"wp-post\" data-elementor-id=\"141\" class=\"elementor elementor-141\">\n\t\t\t\t\t\t<section class=\"elementor-section elementor-top-section elementor-element elementor-element-bf1df4f elementor-section-content-middle elementor-section-boxed elementor-section-height-default elementor-section-height-default\" data-id=\"bf1df4f\" data-element_type=\"section\" data-e-type=\"section\" data-settings=\"{&quot;background_background&quot;:&quot;classic&quot;,&quot;shape_divider_bottom&quot;:&quot;triangle&quot;,&quot;shape_divider_bottom_negative&quot;:&quot;yes&quot;}\">\n\t\t\t\t\t\t\t<div class=\"elementor-background-overlay\"><\/div>\n\t\t\t\t\t\t<div class=\"elementor-shape elementor-shape-bottom\" aria-hidden=\"true\" data-negative=\"true\">\n\t\t\t<svg xmlns=\"http:\/\/www.w3.org\/2000\/svg\" viewBox=\"0 0 1000 100\" preserveAspectRatio=\"none\">\n\t<path class=\"elementor-shape-fill\" d=\"M500.2,94.7L0,0v100h1000V0L500.2,94.7z\"\/>\n<\/svg>\t\t<\/div>\n\t\t\t\t\t<div class=\"elementor-container elementor-column-gap-default\">\n\t\t\t\t\t<div class=\"elementor-column elementor-col-100 elementor-top-column elementor-element elementor-element-9548f69\" data-id=\"9548f69\" data-element_type=\"column\" data-e-type=\"column\">\n\t\t\t<div class=\"elementor-widget-wrap elementor-element-populated\">\n\t\t\t\t\t\t<div class=\"elementor-element elementor-element-d30e93f elementor-widget elementor-widget-heading\" data-id=\"d30e93f\" data-element_type=\"widget\" data-e-type=\"widget\" data-settings=\"{&quot;_animation&quot;:&quot;none&quot;}\" data-widget_type=\"heading.default\">\n\t\t\t\t<div class=\"elementor-widget-container\">\n\t\t\t\t\t<h1 class=\"elementor-heading-title elementor-size-default\">Henkil\u00f6kunta<\/h1>\t\t\t\t<\/div>\n\t\t\t\t<\/div>\n\t\t\t\t\t<\/div>\n\t\t<\/div>\n\t\t\t\t\t<\/div>\n\t\t<\/section>\n\t\t\t\t<section class=\"elementor-section elementor-top-section elementor-element elementor-element-e05fd7c elementor-section-boxed elementor-section-height-default elementor-section-height-default\" data-id=\"e05fd7c\" data-element_type=\"section\" data-e-type=\"section\" data-settings=\"{&quot;background_background&quot;:&quot;classic&quot;}\">\n\t\t\t\t\t\t<div class=\"elementor-container elementor-column-gap-default\">\n\t\t\t\t\t<div class=\"elementor-column elementor-col-100 elementor-top-column elementor-element elementor-element-bc83089\" data-id=\"bc83089\" data-element_type=\"column\" data-e-type=\"column\">\n\t\t\t<div class=\"elementor-widget-wrap elementor-element-populated\">\n\t\t\t\t\t\t<section class=\"elementor-section elementor-inner-section elementor-element elementor-element-d784051 elementor-section-boxed elementor-section-height-default elementor-section-height-default\" data-id=\"d784051\" data-element_type=\"section\" data-e-type=\"section\" data-settings=\"{&quot;background_background&quot;:&quot;classic&quot;}\">\n\t\t\t\t\t\t<div class=\"elementor-container elementor-column-gap-default\">\n\t\t\t\t\t<div class=\"elementor-column elementor-col-50 elementor-inner-column elementor-element elementor-element-bdc4cf7\" data-id=\"bdc4cf7\" data-element_type=\"column\" data-e-type=\"column\" data-settings=\"{&quot;background_background&quot;:&quot;classic&quot;}\">\n\t\t\t<div class=\"elementor-widget-wrap elementor-element-populated\">\n\t\t\t\t\t\t<div class=\"elementor-element elementor-element-26f0bea elementor-widget elementor-widget-image\" data-id=\"26f0bea\" data-element_type=\"widget\" data-e-type=\"widget\" data-widget_type=\"image.default\">\n\t\t\t\t<div class=\"elementor-widget-container\">\n\t\t\t\t\t\t\t\t\t\t\t\t\t\t\t<img fetchpriority=\"high\" decoding=\"async\" width=\"1024\" height=\"1536\" src=\"https:\/\/laihianfysioterapiapalvelu.fi\/wp-content\/uploads\/2022\/09\/ovi.jpg\" class=\"attachment-full size-full wp-image-1585\" alt=\"\" srcset=\"https:\/\/laihianfysioterapiapalvelu.fi\/wp-content\/uploads\/2022\/09\/ovi.jpg 1024w, https:\/\/laihianfysioterapiapalvelu.fi\/wp-content\/uploads\/2022\/09\/ovi-200x300.jpg 200w, https:\/\/laihianfysioterapiapalvelu.fi\/wp-content\/uploads\/2022\/09\/ovi-683x1024.jpg 683w, https:\/\/laihianfysioterapiapalvelu.fi\/wp-content\/uploads\/2022\/09\/ovi-768x1152.jpg 768w\" sizes=\"(max-width: 1024px) 100vw, 1024px\" \/>\t\t\t\t\t\t\t\t\t\t\t\t\t\t\t<\/div>\n\t\t\t\t<\/div>\n\t\t\t\t\t<\/div>\n\t\t<\/div>\n\t\t\t\t<div class=\"elementor-column elementor-col-50 elementor-inner-column elementor-element elementor-element-0cb29ba\" data-id=\"0cb29ba\" data-element_type=\"column\" data-e-type=\"column\" data-settings=\"{&quot;background_background&quot;:&quot;classic&quot;}\">\n\t\t\t<div class=\"elementor-widget-wrap elementor-element-populated\">\n\t\t\t\t\t\t<div class=\"elementor-element elementor-element-9cb7c7f elementor-widget elementor-widget-text-editor\" data-id=\"9cb7c7f\" data-element_type=\"widget\" data-e-type=\"widget\" data-widget_type=\"text-editor.default\">\n\t\t\t\t<div class=\"elementor-widget-container\">\n\t\t\t\t\t\t\t\t\t<h3><strong>Miia Alasaari<\/strong><br><strong>fysioterapeutti<\/strong><\/h3>\n<p><strong>Olen toiminut yksityispuolella fysioterapeuttina reilun nelj\u00e4nnesvuosisadan. Matkan varrella olen k\u00e4ynyt lukuisia kursseja painottuen tuki- ja liikuntaelinvaivoihin ja niiden hoitoon. K\u00e4yt\u00e4nn\u00f6ss\u00e4 t\u00e4m\u00e4 tarkoittaa nivelten, lihasten, lihaskalvojen ja hermoper\u00e4isten oireiden tutkimista ja k\u00e4sittely\u00e4.&nbsp; Yhdess\u00e4 asiakkaan kanssa pohdimme my\u00f6s arjen ratkaisuja kuormituksen korjaamiseksi ja harjoitteita fyysisen toimintakyvyn parantamiseksi.<\/strong><\/p>\n<ul>\n<li>purentaelinten toimintah\u00e4iri\u00f6t<\/li>\n<li>olkap\u00e4\u00e4; ahdas olkap\u00e4\u00e4-oireyhtym\u00e4, etuaukeaman ongelmat ym.<\/li>\n<li>niska-hartiaseudun ongelmat<\/li>\n<li>&nbsp;fasciak\u00e4sittelyt (peruskurssi)<\/li><li>kinesioteippaus<\/li>\n<li>C1\/C2-selk\u00e4rangan manuaalisen tutkimisen ja hoidon kurssi, kipuselk\u00e4pot. fysioterapia ym.<\/li>\n<li>neuraalikudoksen mobilisointi I-II<\/li>\n<li>mulligan kurssit (nivelten mobilisointi)<\/li>\n<li>erotusdiagnostiikka symptoms &amp; sign<\/li>\n<li>neuropatofysiologia<\/li>\n<li>liikuntal\u00e4\u00e4ketieteen approbatur<\/li><li>fysioterapeutin suoravastaanotto (15 op)<\/li>\n<\/ul>\n<p><strong>&nbsp;<\/strong><\/p>\t\t\t\t\t\t\t\t<\/div>\n\t\t\t\t<\/div>\n\t\t\t\t\t<\/div>\n\t\t<\/div>\n\t\t\t\t\t<\/div>\n\t\t<\/section>\n\t\t\t\t\t<\/div>\n\t\t<\/div>\n\t\t\t\t\t<\/div>\n\t\t<\/section>\n\t\t\t\t<section class=\"elementor-section elementor-top-section elementor-element elementor-element-7cf07c4 elementor-reverse-mobile elementor-section-boxed elementor-section-height-default elementor-section-height-default\" data-id=\"7cf07c4\" data-element_type=\"section\" data-e-type=\"section\" data-settings=\"{&quot;background_background&quot;:&quot;classic&quot;}\">\n\t\t\t\t\t\t\t<div class=\"elementor-background-overlay\"><\/div>\n\t\t\t\t\t\t\t<div class=\"elementor-container elementor-column-gap-default\">\n\t\t\t\t\t<div class=\"elementor-column elementor-col-50 elementor-top-column elementor-element elementor-element-02555e9\" data-id=\"02555e9\" data-element_type=\"column\" data-e-type=\"column\">\n\t\t\t<div class=\"elementor-widget-wrap elementor-element-populated\">\n\t\t\t\t\t\t<div class=\"elementor-element elementor-element-88f6586 elementor-widget elementor-widget-text-editor\" data-id=\"88f6586\" data-element_type=\"widget\" data-e-type=\"widget\" data-widget_type=\"text-editor.default\">\n\t\t\t\t<div class=\"elementor-widget-container\">\n\t\t\t\t\t\t\t\t\t<h3><strong>Kaija\u00a0<\/strong><strong>Rintala-Paasonen<br \/><\/strong><strong style=\"color: var(--ast-global-color-2); font-size: 1.875rem; font-style: inherit;\">fysioterapeutti<\/strong><\/h3><p><strong>Ihmisen keho ja sen toiminta on koko urani ajan kiehtonut ja inspiroinut minua.\u00a0 On mielenkiintoista tutkia ihmist\u00e4 ja selvitt\u00e4\u00e4, mist\u00e4 h\u00e4nell\u00e4 esiintyv\u00e4 kehon oire tai tuntemus johtuu, ja mill\u00e4 se helpottuu ja paranee. T\u00e4rke\u00e4 osa ty\u00f6t\u00e4ni on asiakkaiden tukeminen ja ohjaus parempiin elintapoihin ja liikkumiseen huomioiden heid\u00e4n ty\u00f6ns\u00e4 ja harrastuksensa. Olen erikoistunut kehonhallintamenetelmiin, joilla tavoitteena on kehitt\u00e4\u00e4 oman kehon tuntemusta, harjoittaa rankaa tukevia lihaksia, tasapainoa ja liikkuvuutta. Tarkoituksenmukaisella harjoittelulla ja kehon sopivalla k\u00e4ytt\u00e4misell\u00e4 voidaan ennaltaehk\u00e4ist\u00e4 ja parantaa niska-, selk\u00e4- ja olkap\u00e4\u00e4vaivoja.<\/strong><\/p>\t\t\t\t\t\t\t\t<\/div>\n\t\t\t\t<\/div>\n\t\t\t\t\t<\/div>\n\t\t<\/div>\n\t\t\t\t<div class=\"elementor-column elementor-col-50 elementor-top-column elementor-element elementor-element-e6a4422\" data-id=\"e6a4422\" data-element_type=\"column\" data-e-type=\"column\" data-settings=\"{&quot;background_background&quot;:&quot;classic&quot;}\">\n\t\t\t<div class=\"elementor-widget-wrap elementor-element-populated\">\n\t\t\t\t\t\t<div class=\"elementor-element elementor-element-3ce82b4 elementor-widget elementor-widget-image\" data-id=\"3ce82b4\" data-element_type=\"widget\" data-e-type=\"widget\" data-widget_type=\"image.default\">\n\t\t\t\t<div class=\"elementor-widget-container\">\n\t\t\t\t\t\t\t\t\t\t\t\t\t\t\t<img decoding=\"async\" width=\"683\" height=\"1024\" src=\"https:\/\/laihianfysioterapiapalvelu.fi\/wp-content\/uploads\/2022\/09\/1-62-2-683x1024.jpg\" class=\"attachment-large size-large wp-image-1744\" alt=\"\" srcset=\"https:\/\/laihianfysioterapiapalvelu.fi\/wp-content\/uploads\/2022\/09\/1-62-2-683x1024.jpg 683w, https:\/\/laihianfysioterapiapalvelu.fi\/wp-content\/uploads\/2022\/09\/1-62-2-200x300.jpg 200w, https:\/\/laihianfysioterapiapalvelu.fi\/wp-content\/uploads\/2022\/09\/1-62-2-768x1152.jpg 768w, https:\/\/laihianfysioterapiapalvelu.fi\/wp-content\/uploads\/2022\/09\/1-62-2-1024x1536.jpg 1024w, https:\/\/laihianfysioterapiapalvelu.fi\/wp-content\/uploads\/2022\/09\/1-62-2-1365x2048.jpg 1365w, https:\/\/laihianfysioterapiapalvelu.fi\/wp-content\/uploads\/2022\/09\/1-62-2-scaled.jpg 1707w\" sizes=\"(max-width: 683px) 100vw, 683px\" \/>\t\t\t\t\t\t\t\t\t\t\t\t\t\t\t<\/div>\n\t\t\t\t<\/div>\n\t\t\t\t\t<\/div>\n\t\t<\/div>\n\t\t\t\t\t<\/div>\n\t\t<\/section>\n\t\t\t\t<\/div>\n\t\t","protected":false},"excerpt":{"rendered":"<p>Henkil\u00f6kunta Miia Alasaarifysioterapeutti Olen toiminut yksityispuolella fysioterapeuttina reilun nelj\u00e4nnesvuosisadan. Matkan varrella olen k\u00e4ynyt lukuisia kursseja painottuen tuki- ja liikuntaelinvaivoihin ja niiden hoitoon. K\u00e4yt\u00e4nn\u00f6ss\u00e4 t\u00e4m\u00e4 tarkoittaa nivelten, lihasten, lihaskalvojen ja hermoper\u00e4isten oireiden tutkimista ja k\u00e4sittely\u00e4.&nbsp; Yhdess\u00e4 asiakkaan kanssa pohdimme my\u00f6s arjen ratkaisuja kuormituksen korjaamiseksi ja harjoitteita fyysisen toimintakyvyn parantamiseksi. purentaelinten toimintah\u00e4iri\u00f6t olkap\u00e4\u00e4; ahdas olkap\u00e4\u00e4-oireyhtym\u00e4, etuaukeaman ongelmat [&hellip;]<\/p>\n","protected":false},"author":1,"featured_media":0,"parent":0,"menu_order":0,"comment_status":"closed","ping_status":"closed","template":"","meta":{"_uag_custom_page_level_css":"","site-sidebar-layout":"no-sidebar","site-content-layout":"page-builder","ast-site-content-layout":"default","site-content-style":"default","site-sidebar-style":"default","ast-global-header-display":"","ast-banner-title-visibility":"","ast-main-header-display":"","ast-hfb-above-header-display":"","ast-hfb-below-header-display":"","ast-hfb-mobile-header-display":"","site-post-title":"disabled","ast-breadcrumbs-content":"","ast-featured-img":"disabled","footer-sml-layout":"","ast-disable-related-posts":"","theme-transparent-header-meta":"default","adv-header-id-meta":"","stick-header-meta":"","header-above-stick-meta":"","header-main-stick-meta":"","header-below-stick-meta":"","astra-migrate-meta-layouts":"default","ast-page-background-enabled":"default","ast-page-background-meta":{"desktop":{"background-color":"","background-image":"","background-repeat":"repeat","background-position":"center center","background-size":"auto","background-attachment":"scroll","background-type":"","background-media":"","overlay-type":"","overlay-color":"","overlay-opacity":"","overlay-gradient":""},"tablet":{"background-color":"","background-image":"","background-repeat":"repeat","background-position":"center center","background-size":"auto","background-attachment":"scroll","background-type":"","background-media":"","overlay-type":"","overlay-color":"","overlay-opacity":"","overlay-gradient":""},"mobile":{"background-color":"","background-image":"","background-repeat":"repeat","background-position":"center center","background-size":"auto","background-attachment":"scroll","background-type":"","background-media":"","overlay-type":"","overlay-color":"","overlay-opacity":"","overlay-gradient":""}},"ast-content-background-meta":{"desktop":{"background-color":"var(--ast-global-color-5)","background-image":"","background-repeat":"repeat","background-position":"center center","background-size":"auto","background-attachment":"scroll","background-type":"","background-media":"","overlay-type":"","overlay-color":"","overlay-opacity":"","overlay-gradient":""},"tablet":{"background-color":"var(--ast-global-color-5)","background-image":"","background-repeat":"repeat","background-position":"center center","background-size":"auto","background-attachment":"scroll","background-type":"","background-media":"","overlay-type":"","overlay-color":"","overlay-opacity":"","overlay-gradient":""},"mobile":{"background-color":"var(--ast-global-color-5)","background-image":"","background-repeat":"repeat","background-position":"center center","background-size":"auto","background-attachment":"scroll","background-type":"","background-media":"","overlay-type":"","overlay-color":"","overlay-opacity":"","overlay-gradient":""}},"footnotes":""},"class_list":["post-141","page","type-page","status-publish","hentry"],"uagb_featured_image_src":{"full":false,"thumbnail":false,"medium":false,"medium_large":false,"large":false,"1536x1536":false,"2048x2048":false},"uagb_author_info":{"display_name":"admin","author_link":"https:\/\/laihianfysioterapiapalvelu.fi\/?author=1"},"uagb_comment_info":0,"uagb_excerpt":"Henkil\u00f6kunta Miia Alasaarifysioterapeutti Olen toiminut yksityispuolella fysioterapeuttina reilun nelj\u00e4nnesvuosisadan. Matkan varrella olen k\u00e4ynyt lukuisia kursseja painottuen tuki- ja liikuntaelinvaivoihin ja niiden hoitoon. K\u00e4yt\u00e4nn\u00f6ss\u00e4 t\u00e4m\u00e4 tarkoittaa nivelten, lihasten, lihaskalvojen ja hermoper\u00e4isten oireiden tutkimista ja k\u00e4sittely\u00e4.&nbsp; Yhdess\u00e4 asiakkaan kanssa pohdimme my\u00f6s arjen ratkaisuja kuormituksen korjaamiseksi ja harjoitteita fyysisen toimintakyvyn parantamiseksi. purentaelinten toimintah\u00e4iri\u00f6t olkap\u00e4\u00e4; ahdas olkap\u00e4\u00e4-oireyhtym\u00e4, etuaukeaman ongelmat&hellip;","_links":{"self":[{"href":"https:\/\/laihianfysioterapiapalvelu.fi\/index.php?rest_route=\/wp\/v2\/pages\/141","targetHints":{"allow":["GET"]}}],"collection":[{"href":"https:\/\/laihianfysioterapiapalvelu.fi\/index.php?rest_route=\/wp\/v2\/pages"}],"about":[{"href":"https:\/\/laihianfysioterapiapalvelu.fi\/index.php?rest_route=\/wp\/v2\/types\/page"}],"author":[{"embeddable":true,"href":"https:\/\/laihianfysioterapiapalvelu.fi\/index.php?rest_route=\/wp\/v2\/users\/1"}],"replies":[{"embeddable":true,"href":"https:\/\/laihianfysioterapiapalvelu.fi\/index.php?rest_route=%2Fwp%2Fv2%2Fcomments&post=141"}],"version-history":[{"count":36,"href":"https:\/\/laihianfysioterapiapalvelu.fi\/index.php?rest_route=\/wp\/v2\/pages\/141\/revisions"}],"predecessor-version":[{"id":2469,"href":"https:\/\/laihianfysioterapiapalvelu.fi\/index.php?rest_route=\/wp\/v2\/pages\/141\/revisions\/2469"}],"wp:attachment":[{"href":"https:\/\/laihianfysioterapiapalvelu.fi\/index.php?rest_route=%2Fwp%2Fv2%2Fmedia&parent=141"}],"curies":[{"name":"wp","href":"https:\/\/api.w.org\/{rel}","templated":true}]}}